{"id":5256,"date":"2025-09-23T19:55:22","date_gmt":"2025-09-23T17:55:22","guid":{"rendered":"https:\/\/reinhardtsuto.hu\/?post_type=product&#038;p=5256"},"modified":"2026-03-23T21:31:32","modified_gmt":"2026-03-23T20:31:32","slug":"reinhardt-maxi","status":"publish","type":"product","link":"https:\/\/reinhardtsuto.hu\/en\/product\/reinhardt-maxi\/","title":{"rendered":"Reinhardt Maxi"},"content":{"rendered":"","protected":false},"excerpt":{"rendered":"<p><span style=\"font-weight: 400;\">A Reinhardt Maxi az ipari s\u00fct\u0151k z\u00e1szl\u00f3shaj\u00f3ja: ott \u00e9rzi igaz\u00e1n otthon mag\u00e1t, ahol a teljes\u00edtm\u00e9nynek \u00e9s a megb\u00edzhat\u00f3s\u00e1gnak nincsenek kompromisszumai. Ez a modell egyszerre ny\u00fajt nagy kapacit\u00e1st \u00e9s kifinomult s\u00fct\u00e9si min\u0151s\u00e9get. A forg\u00f3reg\u00e1los rendszer gondoskodik arr\u00f3l, hogy minden szinten egyenletesen s\u00fclj\u00f6n a p\u00e9k\u00e1ru, \u00edgy a min\u0151s\u00e9g mindig \u00e1lland\u00f3 \u00e9s kifog\u00e1stalan marad. Tizenhat tepsi befogad\u00e1s\u00e1ra k\u00e9pes, de ig\u00e9ny szerint ak\u00e1r huszonkett\u0151re is b\u0151v\u00edthet\u0151, \u00edgy a n\u00f6vekv\u0151 termel\u00e9shez is k\u00f6nnyed\u00e9n alkalmazkodik. Korszer\u0171 szigetel\u00e9se \u00e9s energiatakar\u00e9kos m\u0171k\u00f6d\u00e9se r\u00e9v\u00e9n a Maxi nemcsak nagy, hanem okos is: a legnagyobb terhel\u00e9s mellett is gazdas\u00e1gos v\u00e1laszt\u00e1s.<\/span><\/p>","protected":false},"featured_media":5650,"comment_status":"closed","ping_status":"closed","template":"","meta":[],"product_cat":[41,55],"product_tag":[],"class_list":{"0":"post-5256","1":"product","2":"type-product","3":"status-publish","4":"has-post-thumbnail","6":"product_cat-all","7":"product_cat-stools","9":"first","10":"instock","11":"shipping-taxable","12":"purchasable","13":"product-type-variable","14":"has-default-attributes"},"_links":{"self":[{"href":"https:\/\/reinhardtsuto.hu\/en\/wp-json\/wp\/v2\/product\/5256","targetHints":{"allow":["GET"]}}],"collection":[{"href":"https:\/\/reinhardtsuto.hu\/en\/wp-json\/wp\/v2\/product"}],"about":[{"href":"https:\/\/reinhardtsuto.hu\/en\/wp-json\/wp\/v2\/types\/product"}],"replies":[{"embeddable":true,"href":"https:\/\/reinhardtsuto.hu\/en\/wp-json\/wp\/v2\/comments?post=5256"}],"version-history":[{"count":9,"href":"https:\/\/reinhardtsuto.hu\/en\/wp-json\/wp\/v2\/product\/5256\/revisions"}],"predecessor-version":[{"id":5859,"href":"https:\/\/reinhardtsuto.hu\/en\/wp-json\/wp\/v2\/product\/5256\/revisions\/5859"}],"wp:featuredmedia":[{"embeddable":true,"href":"https:\/\/reinhardtsuto.hu\/en\/wp-json\/wp\/v2\/media\/5650"}],"wp:attachment":[{"href":"https:\/\/reinhardtsuto.hu\/en\/wp-json\/wp\/v2\/media?parent=5256"}],"wp:term":[{"taxonomy":"product_cat","embeddable":true,"href":"https:\/\/reinhardtsuto.hu\/en\/wp-json\/wp\/v2\/product_cat?post=5256"},{"taxonomy":"product_tag","embeddable":true,"href":"https:\/\/reinhardtsuto.hu\/en\/wp-json\/wp\/v2\/product_tag?post=5256"}],"curies":[{"name":"wp","href":"https:\/\/api.w.org\/{rel}","templated":true}]}}