{"id":5233,"date":"2025-09-23T19:06:10","date_gmt":"2025-09-23T17:06:10","guid":{"rendered":"https:\/\/reinhardtsuto.hu\/?post_type=product&#038;p=5233"},"modified":"2026-03-23T21:31:34","modified_gmt":"2026-03-23T20:31:34","slug":"reinhardt-midi","status":"publish","type":"product","link":"https:\/\/reinhardtsuto.hu\/en\/product\/reinhardt-midi\/","title":{"rendered":"Reinhardt Midi"},"content":{"rendered":"","protected":false},"excerpt":{"rendered":"<p><span style=\"font-weight: 400;\">A Midi a Reinhardt s\u00fct\u0151k igazi sikermodellje: el\u00e9g nagy ahhoz, hogy komoly termel\u00e9st szolg\u00e1ljon ki, m\u00e9gis gazdas\u00e1gos \u00e9s k\u00f6nnyen kezelhet\u0151. Megb\u00edzhat\u00f3 teljes\u00edtm\u00e9nye miatt a legt\u00f6bb p\u00e9ks\u00e9g \u00e9s cukr\u00e1szda els\u0151 sz\u00e1m\u00fa v\u00e1laszt\u00e1sa. A forg\u00f3reg\u00e1los rendszer minden szinten egyenletes s\u00fct\u00e9st biztos\u00edt, \u00edgy a s\u00fctem\u00e9nyek min\u0151s\u00e9ge mindig kifog\u00e1stalan. Elektromos \u00e9s g\u00e1z\u00fczem\u0171 kivitelben egyar\u00e1nt el\u00e9rhet\u0151, kapacit\u00e1sa pedig ig\u00e9ny szerint ak\u00e1r 16 tepsire is b\u0151v\u00edthet\u0151. Ha egy olyan s\u00fct\u0151t keresel, amely egyszerre hat\u00e9kony, rugalmas \u00e9s hossz\u00fa t\u00e1von is p\u00e9nzt\u00e1rcabar\u00e1t, a Midi a t\u00f6k\u00e9letes megold\u00e1s.<\/span><\/p>","protected":false},"featured_media":5651,"comment_status":"closed","ping_status":"closed","template":"","meta":[],"product_cat":[41,55],"product_tag":[],"class_list":{"0":"post-5233","1":"product","2":"type-product","3":"status-publish","4":"has-post-thumbnail","6":"product_cat-all","7":"product_cat-stools","9":"first","10":"instock","11":"shipping-taxable","12":"purchasable","13":"product-type-variable","14":"has-default-attributes"},"_links":{"self":[{"href":"https:\/\/reinhardtsuto.hu\/en\/wp-json\/wp\/v2\/product\/5233","targetHints":{"allow":["GET"]}}],"collection":[{"href":"https:\/\/reinhardtsuto.hu\/en\/wp-json\/wp\/v2\/product"}],"about":[{"href":"https:\/\/reinhardtsuto.hu\/en\/wp-json\/wp\/v2\/types\/product"}],"replies":[{"embeddable":true,"href":"https:\/\/reinhardtsuto.hu\/en\/wp-json\/wp\/v2\/comments?post=5233"}],"version-history":[{"count":8,"href":"https:\/\/reinhardtsuto.hu\/en\/wp-json\/wp\/v2\/product\/5233\/revisions"}],"predecessor-version":[{"id":5860,"href":"https:\/\/reinhardtsuto.hu\/en\/wp-json\/wp\/v2\/product\/5233\/revisions\/5860"}],"wp:featuredmedia":[{"embeddable":true,"href":"https:\/\/reinhardtsuto.hu\/en\/wp-json\/wp\/v2\/media\/5651"}],"wp:attachment":[{"href":"https:\/\/reinhardtsuto.hu\/en\/wp-json\/wp\/v2\/media?parent=5233"}],"wp:term":[{"taxonomy":"product_cat","embeddable":true,"href":"https:\/\/reinhardtsuto.hu\/en\/wp-json\/wp\/v2\/product_cat?post=5233"},{"taxonomy":"product_tag","embeddable":true,"href":"https:\/\/reinhardtsuto.hu\/en\/wp-json\/wp\/v2\/product_tag?post=5233"}],"curies":[{"name":"wp","href":"https:\/\/api.w.org\/{rel}","templated":true}]}}