{"id":1074,"date":"2018-10-16T03:56:45","date_gmt":"2018-10-16T03:56:45","guid":{"rendered":"https:\/\/demo2wpopal.b-cdn.net\/auros\/product\/discus-floor-and-table\/"},"modified":"2026-03-23T21:31:36","modified_gmt":"2026-03-23T20:31:36","slug":"egyedi-meret","status":"publish","type":"product","link":"https:\/\/reinhardtsuto.hu\/en\/product\/egyedi-meret\/","title":{"rendered":"Reinhardt Egyedi"},"content":{"rendered":"","protected":false},"excerpt":{"rendered":"<p><span style=\"font-weight: 400;\">Az egyedi s\u00fct\u0151 azoknak k\u00e9sz\u00fcl, akik a j\u00f3l bev\u00e1lt tepsijeiket a legmodernebb technol\u00f3gi\u00e1val p\u00e1ros\u00edtan\u00e1k. A berendez\u00e9st teljes m\u00e9rt\u00e9kben a megrendel\u0151 ig\u00e9nyeihez szabjuk: a hossz\u00fas\u00e1g \u00e9s a sz\u00e9less\u00e9g pontosan a saj\u00e1t tepsim\u00e9retekhez igazodik. Elektromos \u00e9s g\u00e1z\u00fczem\u0171 kivitelben egyar\u00e1nt el\u00e9rhet\u0151, mik\u00f6zben a Reinhardt s\u00fct\u0151kre jellemz\u0151 biztons\u00e1gos \u00e9s energiatakar\u00e9kos m\u0171k\u00f6d\u00e9st k\u00edn\u00e1lja. A forg\u00f3reg\u00e1los rendszer gondoskodik arr\u00f3l, hogy minden szinten egyenletesen s\u00fcljenek a p\u00e9k\u00e1ruk, \u00edgy a megszokott receptek minden alkalommal t\u00f6k\u00e9letes v\u00e9geredm\u00e9nyt adnak.\u00a0<\/span><\/p>","protected":false},"featured_media":5654,"comment_status":"closed","ping_status":"closed","template":"","meta":[],"product_cat":[41,55],"product_tag":[],"class_list":{"0":"post-1074","1":"product","2":"type-product","3":"status-publish","4":"has-post-thumbnail","6":"product_cat-all","7":"product_cat-stools","9":"first","10":"instock","11":"shipping-taxable","12":"purchasable","13":"product-type-simple"},"_links":{"self":[{"href":"https:\/\/reinhardtsuto.hu\/en\/wp-json\/wp\/v2\/product\/1074","targetHints":{"allow":["GET"]}}],"collection":[{"href":"https:\/\/reinhardtsuto.hu\/en\/wp-json\/wp\/v2\/product"}],"about":[{"href":"https:\/\/reinhardtsuto.hu\/en\/wp-json\/wp\/v2\/types\/product"}],"replies":[{"embeddable":true,"href":"https:\/\/reinhardtsuto.hu\/en\/wp-json\/wp\/v2\/comments?post=1074"}],"version-history":[{"count":7,"href":"https:\/\/reinhardtsuto.hu\/en\/wp-json\/wp\/v2\/product\/1074\/revisions"}],"predecessor-version":[{"id":5862,"href":"https:\/\/reinhardtsuto.hu\/en\/wp-json\/wp\/v2\/product\/1074\/revisions\/5862"}],"wp:featuredmedia":[{"embeddable":true,"href":"https:\/\/reinhardtsuto.hu\/en\/wp-json\/wp\/v2\/media\/5654"}],"wp:attachment":[{"href":"https:\/\/reinhardtsuto.hu\/en\/wp-json\/wp\/v2\/media?parent=1074"}],"wp:term":[{"taxonomy":"product_cat","embeddable":true,"href":"https:\/\/reinhardtsuto.hu\/en\/wp-json\/wp\/v2\/product_cat?post=1074"},{"taxonomy":"product_tag","embeddable":true,"href":"https:\/\/reinhardtsuto.hu\/en\/wp-json\/wp\/v2\/product_tag?post=1074"}],"curies":[{"name":"wp","href":"https:\/\/api.w.org\/{rel}","templated":true}]}}