{"id":5790,"date":"2025-11-15T12:38:50","date_gmt":"2025-11-15T11:38:50","guid":{"rendered":"https:\/\/reinhardtsuto.hu\/?page_id=5790"},"modified":"2025-11-17T15:20:54","modified_gmt":"2025-11-17T14:20:54","slug":"visszakuldesi-szabalyzat","status":"publish","type":"page","link":"https:\/\/reinhardtsuto.hu\/en\/visszakuldesi-szabalyzat\/","title":{"rendered":"Visszak\u00fcld\u00e9si szab\u00e1lyzat"},"content":{"rendered":"<div data-elementor-type=\"wp-page\" data-elementor-id=\"5790\" class=\"elementor elementor-5790\">\n\t\t\t\t\t\t<section class=\"elementor-section elementor-top-section elementor-element elementor-element-c405bc3 elementor-section-boxed elementor-section-height-default elementor-section-height-default\" data-id=\"c405bc3\" data-element_type=\"section\">\n\t\t\t\t\t\t<div class=\"elementor-container elementor-column-gap-no\">\n\t\t\t\t\t<div class=\"elementor-column elementor-col-100 elementor-top-column elementor-element elementor-element-714b56f\" data-id=\"714b56f\" data-element_type=\"column\">\n\t\t\t<div class=\"elementor-widget-wrap elementor-element-populated\">\n\t\t\t\t\t\t<div class=\"elementor-element elementor-element-cb54c4f elementor-widget elementor-widget-text-editor\" data-id=\"cb54c4f\" data-element_type=\"widget\" data-widget_type=\"text-editor.default\">\n\t\t\t\t\t\t\t<div class=\"elementor-text-editor elementor-clearfix\"><h1><span style=\"color: #ffffff;\"><b>Visszak\u00fcld\u00e9si szab\u00e1lyzat<\/b><\/span><\/h1><p><span style=\"color: #ffffff;\"><b>REINHARDT-91 Kft.<\/b><\/span><\/p><h2><span style=\"color: #ffffff;\"><b>1. \u00c1ltal\u00e1nos rendelkez\u00e9sek<\/b><\/span><\/h2><p><span style=\"font-weight: 400; color: #ffffff;\">A jelen visszak\u00fcld\u00e9si szab\u00e1lyzat a REINHARDT-91 Kft. (sz\u00e9khely: 6500 Baja, Nagy I. utca 35.) \u00e1ltal gy\u00e1rtott \u00e9s forgalmazott ipari s\u00fct\u0151kre vonatkozik. V\u00e1llalatunk kiz\u00e1r\u00f3lag professzion\u00e1lis felhaszn\u00e1l\u00f3k (B2B partnerek) r\u00e9sz\u00e9re \u00e9rt\u00e9kes\u00edt, olyan p\u00e9ks\u00e9geknek, cukr\u00e1sz\u00fczemeknek \u00e9s ipari \u00fczemeknek, amelyek el\u0151zetesen meghat\u00e1rozott m\u0171szaki param\u00e9terek alapj\u00e1n rendelnek meg egy-egy s\u00fct\u0151t.<\/span><\/p><h2><span style=\"color: #ffffff;\"><b>2. Egyedi gy\u00e1rt\u00e1s \u00e9s az el\u00e1ll\u00e1si jog kiz\u00e1r\u00e1sa<\/b><\/span><\/h2><p><span style=\"color: #ffffff;\"><span style=\"font-weight: 400;\">A Reinhardt s\u00fct\u0151k minden esetben <\/span><b>egyedi megrendel\u00e9s alapj\u00e1n<\/b><span style=\"font-weight: 400;\">, a megrendel\u0151 \u00e1ltal megadott param\u00e9terek \u00e9s ig\u00e9nyek szerint k\u00e9sz\u00fclnek. A term\u00e9kek m\u00e9rete, kialak\u00edt\u00e1sa, felszerelts\u00e9ge \u00e9s konfigur\u00e1ci\u00f3ja minden esetben szem\u00e9lyre szabott, ez\u00e9rt a s\u00fct\u0151k <\/span><b>nem min\u0151s\u00fclnek el\u0151re gy\u00e1rtott, sztenderd term\u00e9keknek<\/b><span style=\"font-weight: 400;\">.<\/span><\/span><\/p><p><span style=\"color: #ffffff;\"><span style=\"font-weight: 400;\">Egyedi gy\u00e1rt\u00e1s eset\u00e9n \u2013 az EU \u00e9s a magyar jogszab\u00e1lyok alapj\u00e1n \u2013 <\/span><b>nem illeti meg az el\u00e1ll\u00e1si jog<\/b><span style=\"font-weight: 400;\"> a megrendel\u0151t. Ennek megfelel\u0151en a megrendelt ipari s\u00fct\u0151k <\/span><b>nem k\u00fcldhet\u0151k vissza<\/b><span style=\"font-weight: 400;\">, \u00e9s az el\u00e1ll\u00e1si jog gyakorl\u00e1sa nem lehets\u00e9ges.<\/span><\/span><\/p><h2><span style=\"color: #ffffff;\"><b>3. B2B \u00e9rt\u00e9kes\u00edt\u00e9s<\/b><\/span><\/h2><p><span style=\"color: #ffffff;\"><span style=\"font-weight: 400;\">V\u00e1llalatunk professzion\u00e1lis felhaszn\u00e1l\u00f3kat szolg\u00e1l ki, \u00edgy a mag\u00e1nszem\u00e9lyekre vonatkoz\u00f3 fogyaszt\u00f3v\u00e9delmi szab\u00e1lyok (pl. 14 napos el\u00e1ll\u00e1si jog) <\/span><b>nem alkalmazhat\u00f3k<\/b><span style=\"font-weight: 400;\">. A szerz\u0151d\u00e9sk\u00f6t\u00e9s minden esetben a v\u00e1llalkoz\u00e1sok k\u00f6z\u00f6tti jogviszonyra vonatkoz\u00f3 szab\u00e1lyok szerint t\u00f6rt\u00e9nik.<\/span><\/span><\/p><h2><span style=\"color: #ffffff;\"><b>4. Szervizh\u00e1l\u00f3zat \u00e9s m\u0171szaki t\u00e1mogat\u00e1s<\/b><\/span><\/h2><p><span style=\"color: #ffffff;\"><span style=\"font-weight: 400;\">B\u00e1r a term\u00e9kek visszak\u00fcld\u00e9s\u00e9re nincs lehet\u0151s\u00e9g, a REINHARDT-91 Kft. orsz\u00e1gos lefedetts\u00e9g\u0171 <\/span><b>szervizh\u00e1l\u00f3zattal<\/b><span style=\"font-weight: 400;\">biztos\u00edtja s\u00fct\u0151i hossz\u00fa t\u00e1v\u00fa \u00e9s megb\u00edzhat\u00f3 m\u0171k\u00f6d\u00e9s\u00e9t.<\/span><\/span><\/p><p><span style=\"font-weight: 400; color: #ffffff;\">Szervizszolg\u00e1ltat\u00e1saink keret\u00e9ben:<\/span><\/p><ul><li style=\"font-weight: 400;\" aria-level=\"1\"><span style=\"color: #ffffff;\"><b>Hibabejelent\u00e9s ut\u00e1n jellemz\u0151en 24 \u00f3r\u00e1n bel\u00fcl<\/b><span style=\"font-weight: 400;\"> kisz\u00e1llunk az adott telephelyre,<\/span><\/span><\/li><li style=\"font-weight: 400;\" aria-level=\"1\"><span style=\"font-weight: 400; color: #ffffff;\">Kiemelt rendelkez\u00e9sre \u00e1ll\u00e1st biztos\u00edtunk,<\/span><\/li><li style=\"font-weight: 400;\" aria-level=\"1\"><span style=\"color: #ffffff;\"><span style=\"font-weight: 400;\">A jav\u00edt\u00e1shoz sz\u00fcks\u00e9ges alkatr\u00e9szeket <\/span><b>rakt\u00e1rr\u00f3l sz\u00e1ll\u00edtjuk<\/b><span style=\"font-weight: 400;\">,<\/span><\/span><\/li><li style=\"font-weight: 400;\" aria-level=\"1\"><span style=\"font-weight: 400; color: #ffffff;\">Szak\u00e9rt\u0151 m\u0171szaki t\u00e1mogat\u00e1st ny\u00fajtunk a helysz\u00ednen,<\/span><\/li><li style=\"font-weight: 400;\" aria-level=\"1\"><span style=\"font-weight: 400; color: #ffffff;\">K\u00e9r\u00e9s eset\u00e9n karbantart\u00e1si tan\u00e1csad\u00e1st adunk a zavartalan m\u0171k\u00f6d\u00e9s \u00e9rdek\u00e9ben.<\/span><\/li><\/ul><p><span style=\"font-weight: 400; color: #ffffff;\">C\u00e9lunk, hogy a termel\u00e9skies\u00e9s ideje minim\u00e1lis legyen, \u00e9s \u00fcgyfeleink gyors, szakszer\u0171 t\u00e1mogat\u00e1st kapjanak minden felmer\u00fcl\u0151 k\u00e9rd\u00e9sben.<\/span><\/p><h2><span style=\"color: #ffffff;\"><b>5. Kapcsolat \u00e9s \u00fcgyf\u00e9lszolg\u00e1lat<\/b><\/span><\/h2><p><span style=\"font-weight: 400; color: #ffffff;\">Visszak\u00fcld\u00e9ssel, szervizzel \u00e9s m\u0171szaki t\u00e1mogat\u00e1ssal kapcsolatban az al\u00e1bbi el\u00e9rhet\u0151s\u00e9geken \u00e1llunk rendelkez\u00e9sre:<\/span><\/p><p><span style=\"color: #ffffff;\"><b>REINHARDT-91 Kft.<\/b><b><br \/><\/b><span style=\"font-weight: 400;\">C\u00edm: 6500 Baja, Nagy I. utca 35.<\/span><span style=\"font-weight: 400;\"><br \/><\/span><span style=\"font-weight: 400;\">E-mail: kapcsolat@reinhardtsuto.hu<\/span><span style=\"font-weight: 400;\"><br \/><\/span><span style=\"font-weight: 400;\">Telefon: +36 70 930 9529<\/span><\/span><\/p><p><br \/><br \/><\/p><\/div>\n\t\t\t\t\t\t<\/div>\n\t\t\t\t\t<\/div>\n\t\t<\/div>\n\t\t\t\t\t<\/div>\n\t\t<\/section>\n\t\t\t\t<\/div>","protected":false},"excerpt":{"rendered":"<p>Visszak\u00fcld\u00e9si szab\u00e1lyzat REINHARDT-91 Kft. 1. \u00c1ltal\u00e1nos rendelkez\u00e9sek A jelen visszak\u00fcld\u00e9si szab\u00e1lyzat a REINHARDT-91 Kft. (sz\u00e9khely: 6500 Baja, Nagy I. utca 35.) \u00e1ltal gy\u00e1rtott \u00e9s forgalmazott ipari s\u00fct\u0151kre vonatkozik. V\u00e1llalatunk kiz\u00e1r\u00f3lag professzion\u00e1lis felhaszn\u00e1l\u00f3k (B2B partnerek) r\u00e9sz\u00e9re \u00e9rt\u00e9kes\u00edt, olyan p\u00e9ks\u00e9geknek, cukr\u00e1sz\u00fczemeknek \u00e9s ipari \u00fczemeknek, amelyek el\u0151zetesen meghat\u00e1rozott m\u0171szaki param\u00e9terek alapj\u00e1n rendelnek meg egy-egy s\u00fct\u0151t. 2. Egyedi gy\u00e1rt\u00e1s &hellip; <\/p>\n<p class=\"link-more\"><a href=\"https:\/\/reinhardtsuto.hu\/en\/visszakuldesi-szabalyzat\/\" class=\"more-link\">Read More <span class=\"screen-reader-text\"> &#8222;Visszak\u00fcld\u00e9si szab\u00e1lyzat&#8221;<\/span><\/a><\/p>","protected":false},"author":1,"featured_media":0,"parent":0,"menu_order":0,"comment_status":"closed","ping_status":"closed","template":"","meta":{"footnotes":""},"class_list":["post-5790","page","type-page","status-publish","hentry"],"_links":{"self":[{"href":"https:\/\/reinhardtsuto.hu\/en\/wp-json\/wp\/v2\/pages\/5790","targetHints":{"allow":["GET"]}}],"collection":[{"href":"https:\/\/reinhardtsuto.hu\/en\/wp-json\/wp\/v2\/pages"}],"about":[{"href":"https:\/\/reinhardtsuto.hu\/en\/wp-json\/wp\/v2\/types\/page"}],"author":[{"embeddable":true,"href":"https:\/\/reinhardtsuto.hu\/en\/wp-json\/wp\/v2\/users\/1"}],"replies":[{"embeddable":true,"href":"https:\/\/reinhardtsuto.hu\/en\/wp-json\/wp\/v2\/comments?post=5790"}],"version-history":[{"count":4,"href":"https:\/\/reinhardtsuto.hu\/en\/wp-json\/wp\/v2\/pages\/5790\/revisions"}],"predecessor-version":[{"id":5794,"href":"https:\/\/reinhardtsuto.hu\/en\/wp-json\/wp\/v2\/pages\/5790\/revisions\/5794"}],"wp:attachment":[{"href":"https:\/\/reinhardtsuto.hu\/en\/wp-json\/wp\/v2\/media?parent=5790"}],"curies":[{"name":"wp","href":"https:\/\/api.w.org\/{rel}","templated":true}]}}