{"id":3995,"date":"2018-10-31T02:28:18","date_gmt":"2018-10-31T02:28:18","guid":{"rendered":"https:\/\/demo2wpopal.b-cdn.net\/auros\/?page_id=3995"},"modified":"2018-10-31T02:28:18","modified_gmt":"2018-10-31T02:28:18","slug":"blog-modern","status":"publish","type":"page","link":"https:\/\/reinhardtsuto.hu\/en\/blog-modern\/","title":{"rendered":"Blog Modern"},"content":{"rendered":"<div data-elementor-type=\"wp-post\" data-elementor-id=\"3995\" class=\"elementor elementor-3995 elementor-bc-flex-widget\">\n\t\t\t\t\t\t<section class=\"elementor-section elementor-top-section elementor-element elementor-element-53eb046 elementor-section-stretched elementor-section-boxed elementor-section-height-default elementor-section-height-default\" data-id=\"53eb046\" data-element_type=\"section\" data-settings=\"{&quot;stretch_section&quot;:&quot;section-stretched&quot;}\">\n\t\t\t\t\t\t<div class=\"elementor-container elementor-column-gap-no\">\n\t\t\t\t\t<div class=\"elementor-column elementor-col-100 elementor-top-column elementor-element elementor-element-801a1c1\" data-id=\"801a1c1\" data-element_type=\"column\">\n\t\t\t<div class=\"elementor-widget-wrap elementor-element-populated\">\n\t\t\t\t\t\t<div class=\"elementor-element elementor-element-2be8773 elementor-widget elementor-widget-opal-post-grid\" data-id=\"2be8773\" data-element_type=\"widget\" data-widget_type=\"opal-post-grid.default\">\n\t\t\t\t<div class=\"elementor-widget-container\">\n\t\t\t\t\t        <div class=\"elementor-post-wrapper\">\n            <div class=\"row\" data-elementor-columns=\"2\">\n\n                <div class=\"column-item post-style-5\">\n    <div class=\"post-inner\">\n                    <div class=\"post-thumbnail\">\n                <a href=\"https:\/\/reinhardtsuto.hu\/en\/2025\/09\/01\/hello-vilag\/\">\n                    <img fetchpriority=\"high\" decoding=\"async\" width=\"600\" height=\"390\" src=\"https:\/\/reinhardtsuto.hu\/wp-content\/uploads\/2025\/09\/Egyenletes-sutes-600x390.jpg\" class=\"attachment-auros-featured-image-large size-auros-featured-image-large wp-post-image\" alt=\"\" \/>                <\/a>\n                <div class=\"entry-tags\">\n                                    <\/div>\n            <\/div><!-- .post-thumbnail -->\n                <div class=\"post-content\">\n            <div class=\"entry-category\"><a href=\"https:\/\/reinhardtsuto.hu\/en\/category\/egyeb\/\" rel=\"category tag\">Egy\u00e9b<\/a><\/div>\n            <h3 class=\"entry-title\"><a href=\"https:\/\/reinhardtsuto.hu\/en\/2025\/09\/01\/hello-vilag\/\">Egyenletes s\u00fct\u00e9s nagy\u00fczemi k\u00f6r\u00fclm\u00e9nyek k\u00f6z\u00f6tt \u2013 a min\u0151s\u00e9g ott kezd\u0151dik, ahol a technol\u00f3gia dolgozik helyetted<\/a><\/h3>\n            <div class=\"entry-date\">\n                <div class=\"entry-meta-inner\"><span class=\"entry-category\"><a href=\"https:\/\/reinhardtsuto.hu\/en\/category\/egyeb\/\" rel=\"category tag\">Egy\u00e9b<\/a><\/span><span class=\"posted-on\"><a href=\"https:\/\/reinhardtsuto.hu\/en\/2025\/09\/01\/hello-vilag\/\" rel=\"bookmark\"><time class=\"entry-date published\" datetime=\"2025-09-01T16:04:56+02:00\">2025.09.01.<\/time><time class=\"updated\" datetime=\"2025-11-07T11:21:22+01:00\">2025.11.07.<\/time><\/a><\/span><\/div>            <\/div>\n        <\/div>\n\n    <\/div>\n<\/div><div class=\"column-item post-style-5\">\n    <div class=\"post-inner\">\n                    <div class=\"post-thumbnail\">\n                <a href=\"https:\/\/reinhardtsuto.hu\/en\/2018\/09\/11\/should-you-use-a-shave-cream-or-shave-gel\/\">\n                    <img decoding=\"async\" width=\"600\" height=\"390\" src=\"https:\/\/reinhardtsuto.hu\/wp-content\/uploads\/2025\/09\/Energiahatekonysag-600x390.jpg\" class=\"attachment-auros-featured-image-large size-auros-featured-image-large wp-post-image\" alt=\"\" \/>                <\/a>\n                <div class=\"entry-tags\">\n                    <a href=\"https:\/\/reinhardtsuto.hu\/en\/tag\/furnitures\/\" rel=\"tag\">Furnitures<\/a><a href=\"https:\/\/reinhardtsuto.hu\/en\/tag\/shave\/\" rel=\"tag\">shave<\/a><a href=\"https:\/\/reinhardtsuto.hu\/en\/tag\/skincare\/\" rel=\"tag\">skincare<\/a><a href=\"https:\/\/reinhardtsuto.hu\/en\/tag\/the-auros\/\" rel=\"tag\">The Auros<\/a>                <\/div>\n            <\/div><!-- .post-thumbnail -->\n                <div class=\"post-content\">\n            <div class=\"entry-category\"><a href=\"https:\/\/reinhardtsuto.hu\/en\/category\/healthy\/\" rel=\"category tag\">Healthy<\/a> <a href=\"https:\/\/reinhardtsuto.hu\/en\/category\/other\/\" rel=\"category tag\">Other<\/a><\/div>\n            <h3 class=\"entry-title\"><a href=\"https:\/\/reinhardtsuto.hu\/en\/2018\/09\/11\/should-you-use-a-shave-cream-or-shave-gel\/\">Energiahat\u00e9konys\u00e1g a s\u00fct\u0151iparban \u2013 amikor a technol\u00f3gia is sp\u00f3rol<\/a><\/h3>\n            <div class=\"entry-date\">\n                <div class=\"entry-meta-inner\"><span class=\"entry-category\"><a href=\"https:\/\/reinhardtsuto.hu\/en\/category\/healthy\/\" rel=\"category tag\">Healthy<\/a>, <a href=\"https:\/\/reinhardtsuto.hu\/en\/category\/other\/\" rel=\"category tag\">Other<\/a><\/span><span class=\"posted-on\"><a href=\"https:\/\/reinhardtsuto.hu\/en\/2018\/09\/11\/should-you-use-a-shave-cream-or-shave-gel\/\" rel=\"bookmark\"><time class=\"entry-date published\" datetime=\"2018-09-11T03:39:22+02:00\">2018.09.11.<\/time><time class=\"updated\" datetime=\"2025-11-07T11:21:22+01:00\">2025.11.07.<\/time><\/a><\/span><\/div>            <\/div>\n        <\/div>\n\n    <\/div>\n<\/div>            <\/div>\n\n                    <\/div>\n        \t\t\t\t<\/div>\n\t\t\t\t<\/div>\n\t\t\t\t\t<\/div>\n\t\t<\/div>\n\t\t\t\t\t<\/div>\n\t\t<\/section>\n\t\t\t\t<section class=\"elementor-section elementor-top-section elementor-element elementor-element-14f654f elementor-section-stretched elementor-section-boxed elementor-section-height-default elementor-section-height-default\" data-id=\"14f654f\" data-element_type=\"section\" data-settings=\"{&quot;stretch_section&quot;:&quot;section-stretched&quot;}\">\n\t\t\t\t\t\t<div class=\"elementor-container elementor-column-gap-no\">\n\t\t\t\t\t<div class=\"elementor-column elementor-col-100 elementor-top-column elementor-element elementor-element-2a93a4e\" data-id=\"2a93a4e\" data-element_type=\"column\">\n\t\t\t<div class=\"elementor-widget-wrap elementor-element-populated\">\n\t\t\t\t\t\t<section class=\"elementor-section elementor-inner-section elementor-element elementor-element-4e289fe elementor-section-full_width elementor-section-content-middle elementor-section-height-default elementor-section-height-default\" data-id=\"4e289fe\" data-element_type=\"section\">\n\t\t\t\t\t\t<div class=\"elementor-container elementor-column-gap-no\">\n\t\t\t\t\t<div class=\"elementor-column elementor-col-33 elementor-inner-column elementor-element elementor-element-c27978f\" data-id=\"c27978f\" data-element_type=\"column\">\n\t\t\t<div class=\"elementor-widget-wrap elementor-element-populated\">\n\t\t\t\t\t\t<div class=\"elementor-element elementor-element-8fb3202 elementor-widget-divider--view-line elementor-widget elementor-widget-divider\" data-id=\"8fb3202\" data-element_type=\"widget\" data-widget_type=\"divider.default\">\n\t\t\t\t\t\t\t<div class=\"elementor-divider\">\n\t\t\t<span class=\"elementor-divider-separator\">\n\t\t\t\t\t\t<\/span>\n\t\t<\/div>\n\t\t\t\t\t\t<\/div>\n\t\t\t\t\t<\/div>\n\t\t<\/div>\n\t\t\t\t<div class=\"elementor-column elementor-col-33 elementor-inner-column elementor-element elementor-element-e971130\" data-id=\"e971130\" data-element_type=\"column\">\n\t\t\t<div class=\"elementor-widget-wrap elementor-element-populated\">\n\t\t\t\t\t\t<div class=\"elementor-element elementor-element-422d78d elementor-widget elementor-widget-heading\" data-id=\"422d78d\" data-element_type=\"widget\" data-widget_type=\"heading.default\">\n\t\t\t\t\t<h2 class=\"elementor-heading-title elementor-size-default\">Recommend Articles<\/h2>\t\t\t\t<\/div>\n\t\t\t\t\t<\/div>\n\t\t<\/div>\n\t\t\t\t<div class=\"elementor-column elementor-col-33 elementor-inner-column elementor-element elementor-element-e773595\" data-id=\"e773595\" data-element_type=\"column\">\n\t\t\t<div class=\"elementor-widget-wrap elementor-element-populated\">\n\t\t\t\t\t\t<div class=\"elementor-element elementor-element-d8e3436 elementor-widget-divider--view-line elementor-widget elementor-widget-divider\" data-id=\"d8e3436\" data-element_type=\"widget\" data-widget_type=\"divider.default\">\n\t\t\t\t\t\t\t<div class=\"elementor-divider\">\n\t\t\t<span class=\"elementor-divider-separator\">\n\t\t\t\t\t\t<\/span>\n\t\t<\/div>\n\t\t\t\t\t\t<\/div>\n\t\t\t\t\t<\/div>\n\t\t<\/div>\n\t\t\t\t\t<\/div>\n\t\t<\/section>\n\t\t\t\t<div class=\"elementor-element elementor-element-fb1777a elementor-widget elementor-widget-opal-post-grid\" data-id=\"fb1777a\" data-element_type=\"widget\" data-widget_type=\"opal-post-grid.default\">\n\t\t\t\t<div class=\"elementor-widget-container\">\n\t\t\t\t\t        <div class=\"elementor-post-wrapper\">\n            <div class=\"row\" data-elementor-columns=\"3\">\n\n                <div class=\"column-item post-style-4\">\n    <div class=\"post-inner\">\n                    <div class=\"post-thumbnail\">\n                <a href=\"https:\/\/reinhardtsuto.hu\/en\/2025\/09\/01\/hello-vilag\/\">\n                    <img fetchpriority=\"high\" decoding=\"async\" width=\"600\" height=\"390\" src=\"https:\/\/reinhardtsuto.hu\/wp-content\/uploads\/2025\/09\/Egyenletes-sutes-600x390.jpg\" class=\"attachment-auros-featured-image-large size-auros-featured-image-large wp-post-image\" alt=\"\" \/>                <\/a>\n            <\/div><!-- .post-thumbnail -->\n                <div class=\"post-content\">\n            <h3 class=\"entry-title\"><a href=\"https:\/\/reinhardtsuto.hu\/en\/2025\/09\/01\/hello-vilag\/\">Egyenletes s\u00fct\u00e9s nagy\u00fczemi k\u00f6r\u00fclm\u00e9nyek k\u00f6z\u00f6tt \u2013 a min\u0151s\u00e9g ott kezd\u0151dik, ahol a technol\u00f3gia dolgozik helyetted<\/a><\/h3>\n            <div class=\"entry-date\">\n                <div class=\"entry-meta-inner\"><span class=\"entry-category\"><a href=\"https:\/\/reinhardtsuto.hu\/en\/category\/egyeb\/\" rel=\"category tag\">Egy\u00e9b<\/a><\/span><span class=\"posted-on\"><a href=\"https:\/\/reinhardtsuto.hu\/en\/2025\/09\/01\/hello-vilag\/\" rel=\"bookmark\"><time class=\"entry-date published\" datetime=\"2025-09-01T16:04:56+02:00\">2025.09.01.<\/time><time class=\"updated\" datetime=\"2025-11-07T11:21:22+01:00\">2025.11.07.<\/time><\/a><\/span><\/div>            <\/div>\n        <\/div>\n\n    <\/div>\n<\/div><div class=\"column-item post-style-4\">\n    <div class=\"post-inner\">\n                    <div class=\"post-thumbnail\">\n                <a href=\"https:\/\/reinhardtsuto.hu\/en\/2018\/09\/11\/should-you-use-a-shave-cream-or-shave-gel\/\">\n                    <img decoding=\"async\" width=\"600\" height=\"390\" src=\"https:\/\/reinhardtsuto.hu\/wp-content\/uploads\/2025\/09\/Energiahatekonysag-600x390.jpg\" class=\"attachment-auros-featured-image-large size-auros-featured-image-large wp-post-image\" alt=\"\" \/>                <\/a>\n            <\/div><!-- .post-thumbnail -->\n                <div class=\"post-content\">\n            <h3 class=\"entry-title\"><a href=\"https:\/\/reinhardtsuto.hu\/en\/2018\/09\/11\/should-you-use-a-shave-cream-or-shave-gel\/\">Energiahat\u00e9konys\u00e1g a s\u00fct\u0151iparban \u2013 amikor a technol\u00f3gia is sp\u00f3rol<\/a><\/h3>\n            <div class=\"entry-date\">\n                <div class=\"entry-meta-inner\"><span class=\"entry-category\"><a href=\"https:\/\/reinhardtsuto.hu\/en\/category\/healthy\/\" rel=\"category tag\">Healthy<\/a>, <a href=\"https:\/\/reinhardtsuto.hu\/en\/category\/other\/\" rel=\"category tag\">Other<\/a><\/span><span class=\"posted-on\"><a href=\"https:\/\/reinhardtsuto.hu\/en\/2018\/09\/11\/should-you-use-a-shave-cream-or-shave-gel\/\" rel=\"bookmark\"><time class=\"entry-date published\" datetime=\"2018-09-11T03:39:22+02:00\">2018.09.11.<\/time><time class=\"updated\" datetime=\"2025-11-07T11:21:22+01:00\">2025.11.07.<\/time><\/a><\/span><\/div>            <\/div>\n        <\/div>\n\n    <\/div>\n<\/div><div class=\"column-item post-style-4\">\n    <div class=\"post-inner\">\n                    <div class=\"post-thumbnail\">\n                <a href=\"https:\/\/reinhardtsuto.hu\/en\/2018\/09\/10\/face-the-new-year-with-the-real-shaving-company-2\/\">\n                    <img decoding=\"async\" width=\"600\" height=\"390\" src=\"https:\/\/reinhardtsuto.hu\/wp-content\/uploads\/2025\/09\/Karbantartas-600x390.jpg\" class=\"attachment-auros-featured-image-large size-auros-featured-image-large wp-post-image\" alt=\"\" \/>                <\/a>\n            <\/div><!-- .post-thumbnail -->\n                <div class=\"post-content\">\n            <h3 class=\"entry-title\"><a href=\"https:\/\/reinhardtsuto.hu\/en\/2018\/09\/10\/face-the-new-year-with-the-real-shaving-company-2\/\">Karbantart\u00e1s \u00e9s szerviz a p\u00e9kiparban \u2013 mert az \u00fczembiztons\u00e1g is min\u0151s\u00e9g<\/a><\/h3>\n            <div class=\"entry-date\">\n                <div class=\"entry-meta-inner\"><span class=\"entry-category\"><a href=\"https:\/\/reinhardtsuto.hu\/en\/category\/fashion\/\" rel=\"category tag\">Fashion<\/a>, <a href=\"https:\/\/reinhardtsuto.hu\/en\/category\/healthy\/\" rel=\"category tag\">Healthy<\/a><\/span><span class=\"posted-on\"><a href=\"https:\/\/reinhardtsuto.hu\/en\/2018\/09\/10\/face-the-new-year-with-the-real-shaving-company-2\/\" rel=\"bookmark\"><time class=\"entry-date published\" datetime=\"2018-09-10T03:54:42+02:00\">2018.09.10.<\/time><time class=\"updated\" datetime=\"2025-11-07T11:21:22+01:00\">2025.11.07.<\/time><\/a><\/span><\/div>            <\/div>\n        <\/div>\n\n    <\/div>\n<\/div>            <\/div>\n\n                    <\/div>\n        \t\t\t\t<\/div>\n\t\t\t\t<\/div>\n\t\t\t\t\t<\/div>\n\t\t<\/div>\n\t\t\t\t\t<\/div>\n\t\t<\/section>\n\t\t\t\t<section class=\"elementor-section elementor-top-section elementor-element elementor-element-023941e elementor-section-stretched elementor-section-boxed elementor-section-height-default elementor-section-height-default\" data-id=\"023941e\" data-element_type=\"section\" data-settings=\"{&quot;stretch_section&quot;:&quot;section-stretched&quot;}\">\n\t\t\t\t\t\t<div class=\"elementor-container elementor-column-gap-no\">\n\t\t\t\t\t<div class=\"elementor-column elementor-col-100 elementor-top-column elementor-element elementor-element-256a6fa\" data-id=\"256a6fa\" data-element_type=\"column\">\n\t\t\t<div class=\"elementor-widget-wrap elementor-element-populated\">\n\t\t\t\t\t\t<div class=\"elementor-element elementor-element-e9c2f68 elementor-widget elementor-widget-opal-post-grid\" data-id=\"e9c2f68\" data-element_type=\"widget\" data-widget_type=\"opal-post-grid.default\">\n\t\t\t\t<div class=\"elementor-widget-container\">\n\t\t\t\t\t        <div class=\"elementor-post-wrapper\">\n            <div class=\"row\" data-elementor-columns=\"3\">\n\n                <div class=\"column-item post-style-6\">\n    <div class=\"post-inner\">\n                    <div class=\"post-thumbnail\">\n                <a href=\"https:\/\/reinhardtsuto.hu\/en\/2025\/09\/01\/hello-vilag\/\">\n                    <img fetchpriority=\"high\" decoding=\"async\" width=\"600\" height=\"390\" src=\"https:\/\/reinhardtsuto.hu\/wp-content\/uploads\/2025\/09\/Egyenletes-sutes-600x390.jpg\" class=\"attachment-auros-featured-image-large size-auros-featured-image-large wp-post-image\" alt=\"\" \/>                <\/a>\n            <\/div><!-- .post-thumbnail -->\n                <div class=\"post-content\">\n            <div class=\"entry-category\"><a href=\"https:\/\/reinhardtsuto.hu\/en\/category\/egyeb\/\" rel=\"category tag\">Egy\u00e9b<\/a><\/div>\n            <h3 class=\"entry-title\"><a href=\"https:\/\/reinhardtsuto.hu\/en\/2025\/09\/01\/hello-vilag\/\">Egyenletes s\u00fct\u00e9s nagy\u00fczemi k\u00f6r\u00fclm\u00e9nyek k\u00f6z\u00f6tt \u2013 a min\u0151s\u00e9g ott kezd\u0151dik, ahol a technol\u00f3gia dolgozik helyetted<\/a><\/h3>\n            <div class=\"entry-date\">\n                <div class=\"entry-meta-inner\"><span class=\"entry-category\"><a href=\"https:\/\/reinhardtsuto.hu\/en\/category\/egyeb\/\" rel=\"category tag\">Egy\u00e9b<\/a><\/span><span class=\"posted-on\"><a href=\"https:\/\/reinhardtsuto.hu\/en\/2025\/09\/01\/hello-vilag\/\" rel=\"bookmark\"><time class=\"entry-date published\" datetime=\"2025-09-01T16:04:56+02:00\">2025.09.01.<\/time><time class=\"updated\" datetime=\"2025-11-07T11:21:22+01:00\">2025.11.07.<\/time><\/a><\/span><\/div>            <\/div>\n        <\/div>\n\n    <\/div>\n<\/div><div class=\"column-item post-style-6\">\n    <div class=\"post-inner\">\n                    <div class=\"post-thumbnail\">\n                <a href=\"https:\/\/reinhardtsuto.hu\/en\/2018\/09\/11\/should-you-use-a-shave-cream-or-shave-gel\/\">\n                    <img decoding=\"async\" width=\"600\" height=\"390\" src=\"https:\/\/reinhardtsuto.hu\/wp-content\/uploads\/2025\/09\/Energiahatekonysag-600x390.jpg\" class=\"attachment-auros-featured-image-large size-auros-featured-image-large wp-post-image\" alt=\"\" \/>                <\/a>\n            <\/div><!-- .post-thumbnail -->\n                <div class=\"post-content\">\n            <div class=\"entry-category\"><a href=\"https:\/\/reinhardtsuto.hu\/en\/category\/healthy\/\" rel=\"category tag\">Healthy<\/a> <a href=\"https:\/\/reinhardtsuto.hu\/en\/category\/other\/\" rel=\"category tag\">Other<\/a><\/div>\n            <h3 class=\"entry-title\"><a href=\"https:\/\/reinhardtsuto.hu\/en\/2018\/09\/11\/should-you-use-a-shave-cream-or-shave-gel\/\">Energiahat\u00e9konys\u00e1g a s\u00fct\u0151iparban \u2013 amikor a technol\u00f3gia is sp\u00f3rol<\/a><\/h3>\n            <div class=\"entry-date\">\n                <div class=\"entry-meta-inner\"><span class=\"entry-category\"><a href=\"https:\/\/reinhardtsuto.hu\/en\/category\/healthy\/\" rel=\"category tag\">Healthy<\/a>, <a href=\"https:\/\/reinhardtsuto.hu\/en\/category\/other\/\" rel=\"category tag\">Other<\/a><\/span><span class=\"posted-on\"><a href=\"https:\/\/reinhardtsuto.hu\/en\/2018\/09\/11\/should-you-use-a-shave-cream-or-shave-gel\/\" rel=\"bookmark\"><time class=\"entry-date published\" datetime=\"2018-09-11T03:39:22+02:00\">2018.09.11.<\/time><time class=\"updated\" datetime=\"2025-11-07T11:21:22+01:00\">2025.11.07.<\/time><\/a><\/span><\/div>            <\/div>\n        <\/div>\n\n    <\/div>\n<\/div><div class=\"column-item post-style-6\">\n    <div class=\"post-inner\">\n                    <div class=\"post-thumbnail\">\n                <a href=\"https:\/\/reinhardtsuto.hu\/en\/2018\/09\/10\/face-the-new-year-with-the-real-shaving-company-2\/\">\n                    <img decoding=\"async\" width=\"600\" height=\"390\" src=\"https:\/\/reinhardtsuto.hu\/wp-content\/uploads\/2025\/09\/Karbantartas-600x390.jpg\" class=\"attachment-auros-featured-image-large size-auros-featured-image-large wp-post-image\" alt=\"\" \/>                <\/a>\n            <\/div><!-- .post-thumbnail -->\n                <div class=\"post-content\">\n            <div class=\"entry-category\"><a href=\"https:\/\/reinhardtsuto.hu\/en\/category\/fashion\/\" rel=\"category tag\">Fashion<\/a> <a href=\"https:\/\/reinhardtsuto.hu\/en\/category\/healthy\/\" rel=\"category tag\">Healthy<\/a><\/div>\n            <h3 class=\"entry-title\"><a href=\"https:\/\/reinhardtsuto.hu\/en\/2018\/09\/10\/face-the-new-year-with-the-real-shaving-company-2\/\">Karbantart\u00e1s \u00e9s szerviz a p\u00e9kiparban \u2013 mert az \u00fczembiztons\u00e1g is min\u0151s\u00e9g<\/a><\/h3>\n            <div class=\"entry-date\">\n                <div class=\"entry-meta-inner\"><span class=\"entry-category\"><a href=\"https:\/\/reinhardtsuto.hu\/en\/category\/fashion\/\" rel=\"category tag\">Fashion<\/a>, <a href=\"https:\/\/reinhardtsuto.hu\/en\/category\/healthy\/\" rel=\"category tag\">Healthy<\/a><\/span><span class=\"posted-on\"><a href=\"https:\/\/reinhardtsuto.hu\/en\/2018\/09\/10\/face-the-new-year-with-the-real-shaving-company-2\/\" rel=\"bookmark\"><time class=\"entry-date published\" datetime=\"2018-09-10T03:54:42+02:00\">2018.09.10.<\/time><time class=\"updated\" datetime=\"2025-11-07T11:21:22+01:00\">2025.11.07.<\/time><\/a><\/span><\/div>            <\/div>\n        <\/div>\n\n    <\/div>\n<\/div>            <\/div>\n\n                    <\/div>\n        \t\t\t\t<\/div>\n\t\t\t\t<\/div>\n\t\t\t\t\t<\/div>\n\t\t<\/div>\n\t\t\t\t\t<\/div>\n\t\t<\/section>\n\t\t\t\t<\/div>","protected":false},"excerpt":{"rendered":"<p>FurnituresshaveskincareThe Auros Healthy Other Should you use a Shave Cream or Shave Gel? September 11, 2018November 1, 2018In Healthy, Otherby admin shaveskincare Fashion Healthy Face the New Year with The Real Shaving Company! September 10, 2018November 1, 2018In Fashion, Healthyby admin Recommend Articles Should you use a Shave Cream or Shave Gel? September 11, 2018November &hellip; <\/p>\n<p class=\"link-more\"><a href=\"https:\/\/reinhardtsuto.hu\/en\/2018\/09\/10\/face-the-new-year-with-the-real-shaving-company-2\/\" class=\"more-link\">Read More <span class=\"screen-reader-text\"> &#8222;Karbantart\u00e1s \u00e9s szerviz a p\u00e9kiparban \u2013 mert az \u00fczembiztons\u00e1g is min\u0151s\u00e9g&#8221;<\/span><\/a><\/p>","protected":false},"author":1,"featured_media":0,"parent":0,"menu_order":0,"comment_status":"closed","ping_status":"closed","template":"","meta":{"footnotes":""},"class_list":["post-3995","page","type-page","status-publish","hentry"],"_links":{"self":[{"href":"https:\/\/reinhardtsuto.hu\/en\/wp-json\/wp\/v2\/pages\/3995","targetHints":{"allow":["GET"]}}],"collection":[{"href":"https:\/\/reinhardtsuto.hu\/en\/wp-json\/wp\/v2\/pages"}],"about":[{"href":"https:\/\/reinhardtsuto.hu\/en\/wp-json\/wp\/v2\/types\/page"}],"author":[{"embeddable":true,"href":"https:\/\/reinhardtsuto.hu\/en\/wp-json\/wp\/v2\/users\/1"}],"replies":[{"embeddable":true,"href":"https:\/\/reinhardtsuto.hu\/en\/wp-json\/wp\/v2\/comments?post=3995"}],"version-history":[{"count":0,"href":"https:\/\/reinhardtsuto.hu\/en\/wp-json\/wp\/v2\/pages\/3995\/revisions"}],"wp:attachment":[{"href":"https:\/\/reinhardtsuto.hu\/en\/wp-json\/wp\/v2\/media?parent=3995"}],"curies":[{"name":"wp","href":"https:\/\/api.w.org\/{rel}","templated":true}]}}