{"id":378,"date":"2018-09-13T04:15:48","date_gmt":"2018-09-13T04:15:48","guid":{"rendered":"https:\/\/demo2wpopal.b-cdn.net\/auros\/?page_id=378"},"modified":"2018-09-13T04:15:48","modified_gmt":"2018-09-13T04:15:48","slug":"blog-list","status":"publish","type":"page","link":"https:\/\/reinhardtsuto.hu\/en\/blog-list\/","title":{"rendered":"Blog List"},"content":{"rendered":"<div data-elementor-type=\"wp-post\" data-elementor-id=\"378\" class=\"elementor elementor-378 elementor-bc-flex-widget\">\n\t\t\t\t\t\t<section class=\"elementor-section elementor-top-section elementor-element elementor-element-c3172f6 elementor-section-boxed elementor-section-height-default elementor-section-height-default\" data-id=\"c3172f6\" data-element_type=\"section\">\n\t\t\t\t\t\t<div class=\"elementor-container elementor-column-gap-default\">\n\t\t\t\t\t<div class=\"elementor-column elementor-col-100 elementor-top-column elementor-element elementor-element-4b319e9\" data-id=\"4b319e9\" data-element_type=\"column\">\n\t\t\t<div class=\"elementor-widget-wrap elementor-element-populated\">\n\t\t\t\t\t\t<div class=\"elementor-element elementor-element-b0a0f05 elementor-widget elementor-widget-opal-post-grid\" data-id=\"b0a0f05\" data-element_type=\"widget\" data-widget_type=\"opal-post-grid.default\">\n\t\t\t\t<div class=\"elementor-widget-container\">\n\t\t\t\t\t        <div class=\"elementor-post-wrapper\">\n            <div class=\"row\" data-elementor-columns=\"1\">\n\n                <div class=\"column-item post-style-1\">\n    <div class=\"post-inner\">\n                    <div class=\"post-thumbnail\">\n                <a href=\"https:\/\/reinhardtsuto.hu\/en\/2025\/09\/01\/hello-vilag\/\">\n                    <img fetchpriority=\"high\" decoding=\"async\" width=\"600\" height=\"390\" src=\"https:\/\/reinhardtsuto.hu\/wp-content\/uploads\/2025\/09\/Egyenletes-sutes-600x390.jpg\" class=\"attachment-auros-featured-image-large size-auros-featured-image-large wp-post-image\" alt=\"\" \/>                <\/a>\n            <\/div><!-- .post-thumbnail -->\n                <div class=\"post-content\">\n            <div class=\"entry-header\">\n                <span class=\"entry-category\"><a href=\"https:\/\/reinhardtsuto.hu\/en\/category\/egyeb\/\" rel=\"category tag\">Egy\u00e9b<\/a><\/span>\n                <span class=\"post-date\">2025.09.01.<\/span>\n            <\/div>\n            <h3 class=\"entry-title\"><a href=\"https:\/\/reinhardtsuto.hu\/en\/2025\/09\/01\/hello-vilag\/\">Egyenletes s\u00fct\u00e9s nagy\u00fczemi k\u00f6r\u00fclm\u00e9nyek k\u00f6z\u00f6tt \u2013 a min\u0151s\u00e9g ott kezd\u0151dik, ahol a technol\u00f3gia dolgozik helyetted<\/a><\/h3>\n            <div class=\"entry-excerpt\">Egy modern p\u00e9ks\u00e9gben a legnagyobb kih\u00edv\u00e1s nem csup\u00e1n a mennyis\u00e9g, hanem a\u00a0konzisztens min\u0151s\u00e9g\u00a0biztos\u00edt\u00e1sa. Minden tepsi, minden keny\u00e9r, minden zsemle ugyanolyan...<\/div>\n            <div class=\"link-more\"><a href=\"https:\/\/reinhardtsuto.hu\/en\/2025\/09\/01\/hello-vilag\/\">+ Read more<\/a><\/div>\n        <\/div>\n\n    <\/div>\n<\/div><div class=\"column-item post-style-1\">\n    <div class=\"post-inner\">\n                    <div class=\"post-thumbnail\">\n                <a href=\"https:\/\/reinhardtsuto.hu\/en\/2018\/09\/11\/should-you-use-a-shave-cream-or-shave-gel\/\">\n                    <img decoding=\"async\" width=\"600\" height=\"390\" src=\"https:\/\/reinhardtsuto.hu\/wp-content\/uploads\/2025\/09\/Energiahatekonysag-600x390.jpg\" class=\"attachment-auros-featured-image-large size-auros-featured-image-large wp-post-image\" alt=\"\" \/>                <\/a>\n            <\/div><!-- .post-thumbnail -->\n                <div class=\"post-content\">\n            <div class=\"entry-header\">\n                <span class=\"entry-category\"><a href=\"https:\/\/reinhardtsuto.hu\/en\/category\/healthy\/\" rel=\"category tag\">Healthy<\/a> <a href=\"https:\/\/reinhardtsuto.hu\/en\/category\/other\/\" rel=\"category tag\">Other<\/a><\/span>\n                <span class=\"post-date\">2018.09.11.<\/span>\n            <\/div>\n            <h3 class=\"entry-title\"><a href=\"https:\/\/reinhardtsuto.hu\/en\/2018\/09\/11\/should-you-use-a-shave-cream-or-shave-gel\/\">Energiahat\u00e9konys\u00e1g a s\u00fct\u0151iparban \u2013 amikor a technol\u00f3gia is sp\u00f3rol<\/a><\/h3>\n            <div class=\"entry-excerpt\">A p\u00e9ks\u00e9gek \u00e9s cukr\u00e1sz\u00fczemek egyik legnagyobb k\u00f6lts\u00e9gt\u00e9tele az energia. A s\u00fct\u00e9shez h\u0151, g\u0151z \u00e9s id\u0151 kell \u2014 \u00e9s minden perc,...<\/div>\n            <div class=\"link-more\"><a href=\"https:\/\/reinhardtsuto.hu\/en\/2018\/09\/11\/should-you-use-a-shave-cream-or-shave-gel\/\">+ Read more<\/a><\/div>\n        <\/div>\n\n    <\/div>\n<\/div><div class=\"column-item post-style-1\">\n    <div class=\"post-inner\">\n                    <div class=\"post-thumbnail\">\n                <a href=\"https:\/\/reinhardtsuto.hu\/en\/2018\/09\/10\/face-the-new-year-with-the-real-shaving-company-2\/\">\n                    <img decoding=\"async\" width=\"600\" height=\"390\" src=\"https:\/\/reinhardtsuto.hu\/wp-content\/uploads\/2025\/09\/Karbantartas-600x390.jpg\" class=\"attachment-auros-featured-image-large size-auros-featured-image-large wp-post-image\" alt=\"\" \/>                <\/a>\n            <\/div><!-- .post-thumbnail -->\n                <div class=\"post-content\">\n            <div class=\"entry-header\">\n                <span class=\"entry-category\"><a href=\"https:\/\/reinhardtsuto.hu\/en\/category\/fashion\/\" rel=\"category tag\">Fashion<\/a> <a href=\"https:\/\/reinhardtsuto.hu\/en\/category\/healthy\/\" rel=\"category tag\">Healthy<\/a><\/span>\n                <span class=\"post-date\">2018.09.10.<\/span>\n            <\/div>\n            <h3 class=\"entry-title\"><a href=\"https:\/\/reinhardtsuto.hu\/en\/2018\/09\/10\/face-the-new-year-with-the-real-shaving-company-2\/\">Karbantart\u00e1s \u00e9s szerviz a p\u00e9kiparban \u2013 mert az \u00fczembiztons\u00e1g is min\u0151s\u00e9g<\/a><\/h3>\n            <div class=\"entry-excerpt\">Egy p\u00e9ks\u00e9gben minden perc sz\u00e1m\u00edt. Amikor a s\u00fct\u0151 le\u00e1ll, a termel\u00e9s is meg\u00e1ll \u2013 \u00e9s nemcsak a term\u00e9kek, hanem a...<\/div>\n            <div class=\"link-more\"><a href=\"https:\/\/reinhardtsuto.hu\/en\/2018\/09\/10\/face-the-new-year-with-the-real-shaving-company-2\/\">+ Read more<\/a><\/div>\n        <\/div>\n\n    <\/div>\n<\/div>            <\/div>\n\n                    <\/div>\n        \t\t\t\t<\/div>\n\t\t\t\t<\/div>\n\t\t\t\t\t<\/div>\n\t\t<\/div>\n\t\t\t\t\t<\/div>\n\t\t<\/section>\n\t\t\t\t<\/div>","protected":false},"excerpt":{"rendered":"<p>On September 11, 2018September 13, 2018 By admin in Healthy Leave a comment Should you use a Shave Cream or Shave Gel? Sharpen up boys! Bin the disposables and rusty blades. In this guide we show you our top 3 tips to make your razor last longer. Prepare Your Face We can\u2019t say it enough, &hellip; <\/p>\n<p class=\"link-more\"><a href=\"https:\/\/reinhardtsuto.hu\/en\/2018\/09\/10\/face-the-new-year-with-the-real-shaving-company-2\/\" class=\"more-link\">Read More <span class=\"screen-reader-text\"> &#8222;Karbantart\u00e1s \u00e9s szerviz a p\u00e9kiparban \u2013 mert az \u00fczembiztons\u00e1g is min\u0151s\u00e9g&#8221;<\/span><\/a><\/p>","protected":false},"author":1,"featured_media":0,"parent":0,"menu_order":0,"comment_status":"closed","ping_status":"closed","template":"","meta":{"footnotes":""},"class_list":["post-378","page","type-page","status-publish","hentry"],"_links":{"self":[{"href":"https:\/\/reinhardtsuto.hu\/en\/wp-json\/wp\/v2\/pages\/378","targetHints":{"allow":["GET"]}}],"collection":[{"href":"https:\/\/reinhardtsuto.hu\/en\/wp-json\/wp\/v2\/pages"}],"about":[{"href":"https:\/\/reinhardtsuto.hu\/en\/wp-json\/wp\/v2\/types\/page"}],"author":[{"embeddable":true,"href":"https:\/\/reinhardtsuto.hu\/en\/wp-json\/wp\/v2\/users\/1"}],"replies":[{"embeddable":true,"href":"https:\/\/reinhardtsuto.hu\/en\/wp-json\/wp\/v2\/comments?post=378"}],"version-history":[{"count":0,"href":"https:\/\/reinhardtsuto.hu\/en\/wp-json\/wp\/v2\/pages\/378\/revisions"}],"wp:attachment":[{"href":"https:\/\/reinhardtsuto.hu\/en\/wp-json\/wp\/v2\/media?parent=378"}],"curies":[{"name":"wp","href":"https:\/\/api.w.org\/{rel}","templated":true}]}}